{"id":9092,"date":"2025-08-28T05:24:11","date_gmt":"2025-08-28T05:24:11","guid":{"rendered":"https:\/\/www.sundirect-heater.com\/warum-ferninfrarot-heizungen\/"},"modified":"2025-11-10T06:01:48","modified_gmt":"2025-11-10T06:01:48","slug":"warum-ferninfrarot-heizungen","status":"publish","type":"page","link":"https:\/\/www.sundirect-heater.com\/de\/warum-ferninfrarot-heizungen\/","title":{"rendered":"Warum Ferninfrarot-Heizungen?"},"content":{"rendered":"\t\t<div data-elementor-type=\"wp-page\" data-elementor-id=\"9092\" class=\"elementor elementor-9092 elementor-1987\" data-elementor-post-type=\"page\">\n\t\t\t\t<div class=\"elementor-element elementor-element-e4757cd e-con-full e-flex e-con e-parent\" data-id=\"e4757cd\" data-element_type=\"container\" data-e-type=\"container\" data-settings=\"{&quot;background_background&quot;:&quot;classic&quot;}\">\n\t\t\t\t<div class=\"elementor-element elementor-element-3d8807bd elementor-widget elementor-widget-heading\" data-id=\"3d8807bd\" data-element_type=\"widget\" data-e-type=\"widget\" data-widget_type=\"heading.default\">\n\t\t\t\t\t<h1 class=\"elementor-heading-title elementor-size-default\">Warum Ferninfrarot?<\/h1>\t\t\t\t<\/div>\n\t\t\t\t<\/div>\n\t\t<div class=\"elementor-element elementor-element-5e6b8b3a e-flex e-con-boxed e-con e-parent\" data-id=\"5e6b8b3a\" data-element_type=\"container\" data-e-type=\"container\">\n\t\t\t\t\t<div class=\"e-con-inner\">\n\t\t<div class=\"elementor-element elementor-element-4539252d e-con-full e-flex e-con e-child\" data-id=\"4539252d\" data-element_type=\"container\" data-e-type=\"container\">\n\t\t\t\t<div class=\"elementor-element elementor-element-15bcc02f elementor-widget elementor-widget-heading\" data-id=\"15bcc02f\" data-element_type=\"widget\" data-e-type=\"widget\" data-widget_type=\"heading.default\">\n\t\t\t\t\t<h2 class=\"elementor-heading-title elementor-size-default\">Technologie<\/h2>\t\t\t\t<\/div>\n\t\t\t\t<div class=\"elementor-element elementor-element-7d2314e4 elementor-widget elementor-widget-elementskit-page-list\" data-id=\"7d2314e4\" data-element_type=\"widget\" data-e-type=\"widget\" data-widget_type=\"elementskit-page-list.default\">\n\t\t\t\t<div class=\"elementor-widget-container\">\n\t\t\t\t\t<div class=\"ekit-wid-con\" >\t\t<div class=\"elementor-icon-list-items \">\n\t\t\t\t\t\t\t<div class=\"elementor-icon-list-item   \">\n\t\t\t\t\t\t<a class=\"elementor-repeater-item-18bd328 ekit_badge_left\" href=\"https:\/\/www.sundirect-heater.com\/de\/was-ist-ferninfrarot\/\">\n\t\t\t\t\t\t\t<div class=\"ekit_page_list_content\">\n\t\t\t\t\t\t\t\t\t\t\t\t\t\t\t\t<span class=\"elementor-icon-list-text\">\n\t\t\t\t\t\t\t\t\t<span class=\"ekit_page_list_title_title\">Was ist Ferninfrarot?<\/span>\n\t\t\t\t\t\t\t\t\t\t\t\t\t\t\t\t\t<\/span>\n\t\t\t\t\t\t\t<\/div>\n\t\t\t\t\t\t\t\t\t\t\t\t\t<\/a>\n\t\t\t\t\t<\/div>\n\t\t\t\t\t\t<\/div>\n\t\t<\/div>\t\t\t\t<\/div>\n\t\t\t\t<\/div>\n\t\t\t\t<div class=\"elementor-element elementor-element-7c12407f elementor-widget elementor-widget-elementskit-page-list\" data-id=\"7c12407f\" data-element_type=\"widget\" data-e-type=\"widget\" data-widget_type=\"elementskit-page-list.default\">\n\t\t\t\t<div class=\"elementor-widget-container\">\n\t\t\t\t\t<div class=\"ekit-wid-con\" >\t\t<div class=\"elementor-icon-list-items \">\n\t\t\t\t\t\t\t<div class=\"elementor-icon-list-item   \">\n\t\t\t\t\t\t<a class=\"elementor-repeater-item-957e8b0 ekit_badge_left\" href=\"https:\/\/www.sundirect-heater.com\/de\/warum-ferninfrarot-heizungen\/\">\n\t\t\t\t\t\t\t<div class=\"ekit_page_list_content\">\n\t\t\t\t\t\t\t\t\t\t\t\t\t\t\t\t<span class=\"elementor-icon-list-text\">\n\t\t\t\t\t\t\t\t\t<span class=\"ekit_page_list_title_title\">Warum Ferninfrarot?<\/span>\n\t\t\t\t\t\t\t\t\t\t\t\t\t\t\t\t\t<\/span>\n\t\t\t\t\t\t\t<\/div>\n\t\t\t\t\t\t\t\t\t\t\t\t\t<\/a>\n\t\t\t\t\t<\/div>\n\t\t\t\t\t\t<\/div>\n\t\t<\/div>\t\t\t\t<\/div>\n\t\t\t\t<\/div>\n\t\t\t\t<div class=\"elementor-element elementor-element-20b488ab elementor-widget elementor-widget-elementskit-page-list\" data-id=\"20b488ab\" data-element_type=\"widget\" data-e-type=\"widget\" data-widget_type=\"elementskit-page-list.default\">\n\t\t\t\t<div class=\"elementor-widget-container\">\n\t\t\t\t\t<div class=\"ekit-wid-con\" >\t\t<div class=\"elementor-icon-list-items \">\n\t\t\t\t\t\t\t<div class=\"elementor-icon-list-item   \">\n\t\t\t\t\t\t<a class=\"elementor-repeater-item-9d58062 ekit_badge_left\" href=\"https:\/\/www.sundirect-heater.com\/de\/sundirect-verspricht-qualitaet\/\">\n\t\t\t\t\t\t\t<div class=\"ekit_page_list_content\">\n\t\t\t\t\t\t\t\t\t\t\t\t\t\t\t\t<span class=\"elementor-icon-list-text\">\n\t\t\t\t\t\t\t\t\t<span class=\"ekit_page_list_title_title\">Sundirect steht f\u00fcr Qualit\u00e4t<\/span>\n\t\t\t\t\t\t\t\t\t\t\t\t\t\t\t\t\t<\/span>\n\t\t\t\t\t\t\t<\/div>\n\t\t\t\t\t\t\t\t\t\t\t\t\t<\/a>\n\t\t\t\t\t<\/div>\n\t\t\t\t\t\t<\/div>\n\t\t<\/div>\t\t\t\t<\/div>\n\t\t\t\t<\/div>\n\t\t\t\t<div class=\"elementor-element elementor-element-31ba1dad elementor-widget elementor-widget-elementskit-page-list\" data-id=\"31ba1dad\" data-element_type=\"widget\" data-e-type=\"widget\" data-widget_type=\"elementskit-page-list.default\">\n\t\t\t\t<div class=\"elementor-widget-container\">\n\t\t\t\t\t<div class=\"ekit-wid-con\" >\t\t<div class=\"elementor-icon-list-items \">\n\t\t\t\t\t\t\t<div class=\"elementor-icon-list-item   \">\n\t\t\t\t\t\t<a class=\"elementor-repeater-item-cedd369 ekit_badge_left\" href=\"https:\/\/www.sundirect-heater.com\/de\/infrarot-und-pv\/\">\n\t\t\t\t\t\t\t<div class=\"ekit_page_list_content\">\n\t\t\t\t\t\t\t\t\t\t\t\t\t\t\t\t<span class=\"elementor-icon-list-text\">\n\t\t\t\t\t\t\t\t\t<span class=\"ekit_page_list_title_title\">Infrarot und PV<\/span>\n\t\t\t\t\t\t\t\t\t\t\t\t\t\t\t\t\t<\/span>\n\t\t\t\t\t\t\t<\/div>\n\t\t\t\t\t\t\t\t\t\t\t\t\t<\/a>\n\t\t\t\t\t<\/div>\n\t\t\t\t\t\t<\/div>\n\t\t<\/div>\t\t\t\t<\/div>\n\t\t\t\t<\/div>\n\t\t\t\t<div class=\"elementor-element elementor-element-36626a16 elementor-widget elementor-widget-elementskit-page-list\" data-id=\"36626a16\" data-element_type=\"widget\" data-e-type=\"widget\" data-widget_type=\"elementskit-page-list.default\">\n\t\t\t\t<div class=\"elementor-widget-container\">\n\t\t\t\t\t<div class=\"ekit-wid-con\" >\t\t<div class=\"elementor-icon-list-items \">\n\t\t\t\t\t\t\t<div class=\"elementor-icon-list-item   \">\n\t\t\t\t\t\t<a class=\"elementor-repeater-item-cedd369 ekit_badge_left\" >\n\t\t\t\t\t\t\t<div class=\"ekit_page_list_content\">\n\t\t\t\t\t\t\t\t\t\t\t\t\t\t\t\t<span class=\"elementor-icon-list-text\">\n\t\t\t\t\t\t\t\t\t<span class=\"ekit_page_list_title_title\"><\/span>\n\t\t\t\t\t\t\t\t\t\t\t\t\t\t\t\t\t<\/span>\n\t\t\t\t\t\t\t<\/div>\n\t\t\t\t\t\t\t\t\t\t\t\t\t<\/a>\n\t\t\t\t\t<\/div>\n\t\t\t\t\t\t<\/div>\n\t\t<\/div>\t\t\t\t<\/div>\n\t\t\t\t<\/div>\n\t\t\t\t<\/div>\n\t\t<div class=\"elementor-element elementor-element-5348fb25 e-con-full e-flex e-con e-child\" data-id=\"5348fb25\" data-element_type=\"container\" data-e-type=\"container\">\n\t\t\t\t<div class=\"elementor-element elementor-element-9e0d5d5 elementor-widget elementor-widget-heading\" data-id=\"9e0d5d5\" data-element_type=\"widget\" data-e-type=\"widget\" data-widget_type=\"heading.default\">\n\t\t\t\t\t<h2 class=\"elementor-heading-title elementor-size-default\">Gr\u00fcnde, sich f\u00fcr Sundirect zu entscheiden<\/h2>\t\t\t\t<\/div>\n\t\t\t\t<div class=\"elementor-element elementor-element-dcb9137 elementor-widget elementor-widget-heading\" data-id=\"dcb9137\" data-element_type=\"widget\" data-e-type=\"widget\" data-widget_type=\"heading.default\">\n\t\t\t\t\t<h3 class=\"elementor-heading-title elementor-size-default\">Angenehme W\u00e4rme<\/h3>\t\t\t\t<\/div>\n\t\t\t\t<div class=\"elementor-element elementor-element-7cd2429 elementor-widget elementor-widget-text-editor\" data-id=\"7cd2429\" data-element_type=\"widget\" data-e-type=\"widget\" data-widget_type=\"text-editor.default\">\n\t\t\t\t\t\t\t\t\t<p>Infrarot-Paneelheizungen geben einen sehr hohen Anteil ihrer W\u00e4rme in Form von Strahlungsw\u00e4rme ab \u2013 auf derselben Wellenl\u00e4nge wie die gesunden Sonnenstrahlen.<br>Diese Heizungen erw\u00e4rmen direkt die Oberfl\u00e4chen und Objekte im Raum, anstatt wie Konvektionsheizungen nur die Luft zu erhitzen. Dadurch entsteht eine besonders angenehme und behagliche W\u00e4rme.<br>Im Vergleich zu Konvektionsheizungen findet keine Luftzirkulation statt \u2013 somit auch keine Staubverwirbelung. Zudem trocknet die Luft beim Heizen mit Infrarot-Paneelen nicht aus, was ein sauberes und gesundes Raumklima schafft.    <\/p>\t\t\t\t\t\t\t\t<\/div>\n\t\t\t\t<div class=\"elementor-element elementor-element-9ff72f9 elementor-widget elementor-widget-image\" data-id=\"9ff72f9\" data-element_type=\"widget\" data-e-type=\"widget\" data-widget_type=\"image.default\">\n\t\t\t\t\t\t\t\t\t\t\t\t\t\t\t<img fetchpriority=\"high\" decoding=\"async\" width=\"1000\" height=\"450\" src=\"https:\/\/www.sundirect-heater.com\/wp-content\/uploads\/2025\/08\/comforatble-heating.png\" class=\"attachment-large size-large wp-image-9093\" alt=\"\" srcset=\"https:\/\/www.sundirect-heater.com\/wp-content\/uploads\/2025\/08\/comforatble-heating.png 1000w, https:\/\/www.sundirect-heater.com\/wp-content\/uploads\/2025\/08\/comforatble-heating-300x135.png 300w, https:\/\/www.sundirect-heater.com\/wp-content\/uploads\/2025\/08\/comforatble-heating-768x346.png 768w\" sizes=\"(max-width: 1000px) 100vw, 1000px\" \/>\t\t\t\t\t\t\t\t\t\t\t\t\t\t\t<\/div>\n\t\t\t\t<div class=\"elementor-element elementor-element-6a0f15a elementor-widget elementor-widget-heading\" data-id=\"6a0f15a\" data-element_type=\"widget\" data-e-type=\"widget\" data-widget_type=\"heading.default\">\n\t\t\t\t\t<h3 class=\"elementor-heading-title elementor-size-default\">Energiesparend<\/h3>\t\t\t\t<\/div>\n\t\t\t\t<div class=\"elementor-element elementor-element-725bca3 elementor-widget elementor-widget-text-editor\" data-id=\"725bca3\" data-element_type=\"widget\" data-e-type=\"widget\" data-widget_type=\"text-editor.default\">\n\t\t\t\t\t\t\t\t\t<p>Infrarotheizungen erw\u00e4rmen direkt die Objekte und Personen im Raum. Dadurch wird die W\u00e4rme l\u00e4nger gespeichert, was zu einem geringeren Energieverbrauch f\u00fchrt.<br>Wird die Heizung mit einem Thermostat betrieben, schaltet sie sich automatisch ab, sobald die gew\u00fcnschte Raumtemperatur erreicht ist.<\/p>\t\t\t\t\t\t\t\t<\/div>\n\t\t\t\t<div class=\"elementor-element elementor-element-0e8ed34 elementor-widget elementor-widget-image\" data-id=\"0e8ed34\" data-element_type=\"widget\" data-e-type=\"widget\" data-widget_type=\"image.default\">\n\t\t\t\t\t\t\t\t\t\t\t\t\t\t\t<img decoding=\"async\" width=\"1015\" height=\"441\" src=\"https:\/\/www.sundirect-heater.com\/wp-content\/uploads\/2025\/08\/sundirect_direct_heating.png\" class=\"attachment-large size-large wp-image-9094\" alt=\"\" srcset=\"https:\/\/www.sundirect-heater.com\/wp-content\/uploads\/2025\/08\/sundirect_direct_heating.png 1015w, https:\/\/www.sundirect-heater.com\/wp-content\/uploads\/2025\/08\/sundirect_direct_heating-300x130.png 300w, https:\/\/www.sundirect-heater.com\/wp-content\/uploads\/2025\/08\/sundirect_direct_heating-768x334.png 768w\" sizes=\"(max-width: 1015px) 100vw, 1015px\" \/>\t\t\t\t\t\t\t\t\t\t\t\t\t\t\t<\/div>\n\t\t\t\t<div class=\"elementor-element elementor-element-5337f67 elementor-widget elementor-widget-heading\" data-id=\"5337f67\" data-element_type=\"widget\" data-e-type=\"widget\" data-widget_type=\"heading.default\">\n\t\t\t\t\t<h3 class=\"elementor-heading-title elementor-size-default\">Umweltfreundlich<\/h3>\t\t\t\t<\/div>\n\t\t\t\t<div class=\"elementor-element elementor-element-496ad1e elementor-widget elementor-widget-text-editor\" data-id=\"496ad1e\" data-element_type=\"widget\" data-e-type=\"widget\" data-widget_type=\"text-editor.default\">\n\t\t\t\t\t\t\t\t\t<article id=\"post-369\" class=\"post-369 page type-page status-publish hentry\"><section class=\"section text-normal section-text-no-shadow section-inner-no-shadow section-normal section-opaque\"><div class=\"container container-vertical-default\"><div class=\"row vertical-default\"><div class=\"col-md-8 element-top-40 element-bottom-100 text-default small-screen-default\"><div class=\"col-text-1 text-normal element-top-20 element-bottom-20\" data-os-animation=\"none\" data-os-animation-delay=\"0s\"><p>Sundirect h\u00e4lt sich vollst\u00e4ndig an internationale Umweltstandards und verwendet ausschlie\u00dflich bleifreie Materialien (ROHS- und REACH-zertifiziert).<br>Wir empfehlen unseren Kunden ausdr\u00fccklich, ihre Infrarotheizungen mit Windenergie- oder Photovoltaikanlagen zu kombinieren, um den CO\u2082-Fu\u00dfabdruck so gering wie m\u00f6glich zu halten. <\/p><\/div><\/div><\/div><\/div><\/section><\/article>\t\t\t\t\t\t\t\t<\/div>\n\t\t\t\t<div class=\"elementor-element elementor-element-21a0c28 elementor-widget elementor-widget-image\" data-id=\"21a0c28\" data-element_type=\"widget\" data-e-type=\"widget\" data-widget_type=\"image.default\">\n\t\t\t\t\t\t\t\t\t\t\t\t\t\t\t<img decoding=\"async\" width=\"1000\" height=\"450\" src=\"https:\/\/www.sundirect-heater.com\/wp-content\/uploads\/2025\/08\/eco-firendly.png\" class=\"attachment-large size-large wp-image-9095\" alt=\"\" srcset=\"https:\/\/www.sundirect-heater.com\/wp-content\/uploads\/2025\/08\/eco-firendly.png 1000w, https:\/\/www.sundirect-heater.com\/wp-content\/uploads\/2025\/08\/eco-firendly-300x135.png 300w, https:\/\/www.sundirect-heater.com\/wp-content\/uploads\/2025\/08\/eco-firendly-768x346.png 768w\" sizes=\"(max-width: 1000px) 100vw, 1000px\" \/>\t\t\t\t\t\t\t\t\t\t\t\t\t\t\t<\/div>\n\t\t\t\t<\/div>\n\t\t\t\t\t<\/div>\n\t\t\t\t<\/div>\n\t\t\t\t<\/div>\n\t\t","protected":false},"excerpt":{"rendered":"<p>Warum Ferninfrarot? Technologie Was ist Ferninfrarot? Warum Ferninfrarot? Sundirect steht f\u00fcr Qualit\u00e4t Infrarot und PV Gr\u00fcnde, sich f\u00fcr Sundirect zu entscheiden Angenehme W\u00e4rme Infrarot-Paneelheizungen geben einen sehr hohen Anteil ihrer W\u00e4rme in Form von Strahlungsw\u00e4rme ab \u2013 auf derselben Wellenl\u00e4nge wie die gesunden Sonnenstrahlen.Diese Heizungen erw\u00e4rmen direkt die Oberfl\u00e4chen und Objekte im Raum, anstatt wie [&hellip;]<\/p>\n","protected":false},"author":5,"featured_media":0,"parent":0,"menu_order":0,"comment_status":"closed","ping_status":"closed","template":"","meta":{"site-sidebar-layout":"no-sidebar","site-content-layout":"","ast-site-content-layout":"Container in voller Breite","site-content-style":"default","site-sidebar-style":"default","ast-global-header-display":"","ast-banner-title-visibility":"","ast-main-header-display":"","ast-hfb-above-header-display":"","ast-hfb-below-header-display":"","ast-hfb-mobile-header-display":"","site-post-title":"deaktiviert","ast-breadcrumbs-content":"","ast-featured-img":"deaktiviert","footer-sml-layout":"","ast-disable-related-posts":"","theme-transparent-header-meta":"","adv-header-id-meta":"","stick-header-meta":"","header-above-stick-meta":"","header-main-stick-meta":"","header-below-stick-meta":"","astra-migrate-meta-layouts":"default","ast-page-background-enabled":"default","ast-page-background-meta":{"desktop":{"background-color":"var(--ast-global-color-5)","background-image":"","background-repeat":"repeat","background-position":"center center","background-size":"auto","background-attachment":"scroll","background-type":"","background-media":"","overlay-type":"","overlay-color":"","overlay-opacity":"","overlay-gradient":""},"tablet":{"background-color":"","background-image":"","background-repeat":"repeat","background-position":"center center","background-size":"auto","background-attachment":"scroll","background-type":"","background-media":"","overlay-type":"","overlay-color":"","overlay-opacity":"","overlay-gradient":""},"mobile":{"background-color":"","background-image":"","background-repeat":"repeat","background-position":"center center","background-size":"auto","background-attachment":"scroll","background-type":"","background-media":"","overlay-type":"","overlay-color":"","overlay-opacity":"","overlay-gradient":""}},"ast-content-background-meta":{"desktop":{"background-color":"var(--ast-global-color-4)","background-image":"","background-repeat":"repeat","background-position":"center center","background-size":"auto","background-attachment":"scroll","background-type":"","background-media":"","overlay-type":"","overlay-color":"","overlay-opacity":"","overlay-gradient":""},"tablet":{"background-color":"var(--ast-global-color-4)","background-image":"","background-repeat":"repeat","background-position":"center center","background-size":"auto","background-attachment":"scroll","background-type":"","background-media":"","overlay-type":"","overlay-color":"","overlay-opacity":"","overlay-gradient":""},"mobile":{"background-color":"var(--ast-global-color-4)","background-image":"","background-repeat":"repeat","background-position":"center center","background-size":"auto","background-attachment":"scroll","background-type":"","background-media":"","overlay-type":"","overlay-color":"","overlay-opacity":"","overlay-gradient":""}},"footnotes":""},"class_list":["post-9092","page","type-page","status-publish","hentry"],"rttpg_featured_image_url":null,"rttpg_author":{"display_name":"Sundirect_admin","author_link":"https:\/\/www.sundirect-heater.com\/de\/author\/sundirect_admin\/"},"rttpg_comment":0,"rttpg_category":" <a href=\"https:\/\/www.sundirect-heater.com\/de\/?taxonomy=translation_priority&#038;term=optional-de\" rel=\"tag\">Optional<\/a>","rttpg_excerpt":"Warum Ferninfrarot? Technologie Was ist Ferninfrarot? Warum Ferninfrarot? Sundirect steht f\u00fcr Qualit\u00e4t Infrarot und PV Gr\u00fcnde, sich f\u00fcr Sundirect zu entscheiden Angenehme W\u00e4rme Infrarot-Paneelheizungen geben einen sehr hohen Anteil ihrer W\u00e4rme in Form von Strahlungsw\u00e4rme ab \u2013 auf derselben Wellenl\u00e4nge wie die gesunden Sonnenstrahlen.Diese Heizungen erw\u00e4rmen direkt die Oberfl\u00e4chen und Objekte im Raum, anstatt wie&hellip;","_links":{"self":[{"href":"https:\/\/www.sundirect-heater.com\/de\/wp-json\/wp\/v2\/pages\/9092","targetHints":{"allow":["GET"]}}],"collection":[{"href":"https:\/\/www.sundirect-heater.com\/de\/wp-json\/wp\/v2\/pages"}],"about":[{"href":"https:\/\/www.sundirect-heater.com\/de\/wp-json\/wp\/v2\/types\/page"}],"author":[{"embeddable":true,"href":"https:\/\/www.sundirect-heater.com\/de\/wp-json\/wp\/v2\/users\/5"}],"replies":[{"embeddable":true,"href":"https:\/\/www.sundirect-heater.com\/de\/wp-json\/wp\/v2\/comments?post=9092"}],"version-history":[{"count":1,"href":"https:\/\/www.sundirect-heater.com\/de\/wp-json\/wp\/v2\/pages\/9092\/revisions"}],"predecessor-version":[{"id":9096,"href":"https:\/\/www.sundirect-heater.com\/de\/wp-json\/wp\/v2\/pages\/9092\/revisions\/9096"}],"wp:attachment":[{"href":"https:\/\/www.sundirect-heater.com\/de\/wp-json\/wp\/v2\/media?parent=9092"}],"curies":[{"name":"wp","href":"https:\/\/api.w.org\/{rel}","templated":true}]}}