{"id":8179,"date":"2025-08-27T09:35:16","date_gmt":"2025-08-27T09:35:16","guid":{"rendered":"https:\/\/sundirect-heater.com\/kontaktieren-sie-uns\/"},"modified":"2025-10-27T07:23:29","modified_gmt":"2025-10-27T07:23:29","slug":"kontaktieren-sie-uns","status":"publish","type":"page","link":"https:\/\/www.sundirect-heater.com\/de\/kontaktieren-sie-uns\/","title":{"rendered":"Kontaktieren Sie uns"},"content":{"rendered":"\t\t<div data-elementor-type=\"wp-page\" data-elementor-id=\"8179\" class=\"elementor elementor-8179 elementor-759\">\n\t\t\t\t<div class=\"elementor-element elementor-element-416e4225 e-con-full e-flex e-con e-parent\" data-id=\"416e4225\" data-element_type=\"container\" data-e-type=\"container\" data-settings=\"{&quot;background_background&quot;:&quot;classic&quot;}\">\n\t\t\t\t<div class=\"elementor-element elementor-element-39d9a575 elementor-widget elementor-widget-slides\" data-id=\"39d9a575\" data-element_type=\"widget\" data-e-type=\"widget\" data-widget_type=\"slides.default\">\n\t\t\t\t<div class=\"elementor-widget-container\">\n\t\t\t\t\t \t\t\t\t<\/div>\n\t\t\t\t<\/div>\n\t\t\t\t<\/div>\n\t\t<div class=\"elementor-element elementor-element-6ca047d6 e-flex e-con-boxed e-con e-parent\" data-id=\"6ca047d6\" data-element_type=\"container\" data-e-type=\"container\" data-settings=\"{&quot;background_background&quot;:&quot;classic&quot;}\">\n\t\t\t\t\t<div class=\"e-con-inner\">\n\t\t\t\t<div class=\"elementor-element elementor-element-2f2f42bc elementor-widget elementor-widget-heading\" data-id=\"2f2f42bc\" data-element_type=\"widget\" data-e-type=\"widget\" data-widget_type=\"heading.default\">\n\t\t\t\t\t<h2 class=\"elementor-heading-title elementor-size-default\">Kontaktieren Sie uns<\/h2>\t\t\t\t<\/div>\n\t\t\t\t\t<\/div>\n\t\t\t\t<\/div>\n\t\t<div class=\"elementor-element elementor-element-7ef1d023 e-flex e-con-boxed e-con e-parent\" data-id=\"7ef1d023\" data-element_type=\"container\" data-e-type=\"container\" data-settings=\"{&quot;background_background&quot;:&quot;classic&quot;}\">\n\t\t\t\t\t<div class=\"e-con-inner\">\n\t\t\t\t<div class=\"elementor-element elementor-element-4d15b292 elementor-widget elementor-widget-html\" data-id=\"4d15b292\" data-element_type=\"widget\" data-e-type=\"widget\" data-widget_type=\"html.default\">\n\t\t\t\t\t<div style=\"display: flex; justify-content: space-between; max-width: 100%; font-family: 'Poppins', sans-serif; color:#333; margin: auto; padding: 20px;\">\n        <!-- Sundirect Technology Ltd -->\n        <div style=\"width: 50%;\">\n            <h5 style=\"color: #ff6600; margin: 0;\">Sundirect Technology Ltd.<\/h5>\n            <p style=\"margin: 10px 0;\"><i class=\"fas fa-building\" style=\"margin-right: 8px;\"><\/i> No.3 Xingsun Road, Daicun, Xiaoshan Bezirk,  <br> &nbsp;&nbsp;&nbsp;&nbsp; 311261 Hangzhou, China<\/p>\n            <p style=\"margin: 10px 0;\"><i class=\"fas fa-phone\" style=\"margin-right: 8px;\"><\/i><strong>Tel.:<\/strong> <a href=\"tel:+8657183861805\" style=\"color: #007bff; text-decoration: none;\">+86-571-83861805<\/a><\/p>\n            <p style=\"margin: 10px 0;\"><i class=\"fas fa-fax\" style=\"margin-right: 8px;\"><\/i><strong>Fax:<\/strong> <a href=\"Fax:+8657183861805\" style=\"color: #007bff; text-decoration: none;\">86-57183861805<\/a><\/p>\n            <p style=\"margin: 10px 0;\"><i class=\"fas fa-envelope\" style=\"margin-right: 8px;\"><\/i><strong>E-Mail:<\/strong> <a href=\"mailto:info@sundirect-heater.com\" style=\"color: #007bff; text-decoration: none;\">info@sundirect-heater.com<\/a><\/p>\n        <\/div>\n        <!-- Sundirect Logistics Center Europe -->\n        <div style=\"width: 50%;\">\n            <h5 style=\"color: #ff6600; margin: 0;\">Sundirect Logistikzentrum Europa<\/h5>\n            <p style=\"margin: 10px 0;\"><i class=\"fas fa-building\" style=\"margin-right: 8px;\"><\/i> Hofbauer GmbH<\/p>\n            <p style=\"margin: 10px 0;\"><i class=\"fas fa-map-marker-alt\" style=\"margin-right: 8px;\"><\/i> Zimmerterweg 4, 6020 Innsbruck, \u00d6sterreich\/Europa<\/p>\n            <p style=\"margin: 10px 0;\"><i class=\"fas fa-phone\" style=\"margin-right: 8px;\"><\/i><strong>Telefon:<\/strong> <a href=\"tel:+436645433309\" style=\"color: #007bff; text-decoration: none;\">+43 664 5433309<\/a><\/p>\n            <p style=\"margin: 10px 0;\"><i class=\"fas fa-fax\" style=\"margin-right: 8px;\"><\/i><strong>Fax:<\/strong> <a href=\"Fax:+43512546445\" style=\"color: #007bff; text-decoration: none;\">+43 512 546445<\/a><\/p>\n        <\/div>\n    <\/div>\t\t\t\t<\/div>\n\t\t\t\t\t<\/div>\n\t\t\t\t<\/div>\n\t\t<div class=\"elementor-element elementor-element-45723a75 e-flex e-con-boxed e-con e-parent\" data-id=\"45723a75\" data-element_type=\"container\" data-e-type=\"container\">\n\t\t\t\t\t<div class=\"e-con-inner\">\n\t\t<div class=\"elementor-element elementor-element-25152426 e-con-full e-flex e-con e-child\" data-id=\"25152426\" data-element_type=\"container\" data-e-type=\"container\">\n\t\t\t\t<div class=\"elementor-element elementor-element-1b93471d elementor-widget elementor-widget-html\" data-id=\"1b93471d\" data-element_type=\"widget\" data-e-type=\"widget\" data-widget_type=\"html.default\">\n\t\t\t\t\t<iframe src=\"https:\/\/www.google.com\/maps\/embed?pb=!1m18!1m12!1m3!1d2706.5853770044214!2d11.425526126778788!3d47.283359110242415!2m3!1f0!2f0!3f0!3m2!1i1024!2i768!4f13.1!3m3!1m2!1s0x479d6eb98493ffff%3A0x2fba441ce9bf5e75!2sSundirect!5e0!3m2!1sen!2sin!4v1733474233194!5m2!1sen!2sin\" width=\"auto\" height=\"720\" style=\"border:0;\" allowfullscreen=\"\" loading=\"lazy\" referrerpolicy=\"no-referrer-when-downgrade\"><\/iframe>\t\t\t\t<\/div>\n\t\t\t\t<\/div>\n\t\t<div class=\"elementor-element elementor-element-418886a1 e-con-full e-flex e-con e-child\" data-id=\"418886a1\" data-element_type=\"container\" data-e-type=\"container\">\n\t\t\t\t<div class=\"elementor-element elementor-element-6c58b5fb elementor-widget elementor-widget-text-editor\" data-id=\"6c58b5fb\" data-element_type=\"widget\" data-e-type=\"widget\" data-widget_type=\"text-editor.default\">\n\t\t\t\t\t\t\t\t\t<div class=\"row \"><div class=\"col-md-12 text-default small-screen-default\"><div class=\"col-text-1 text-normal element-top-20 element-bottom-20\" data-os-animation=\"none\" data-os-animation-delay=\"0s\"><p> <span style=\"font-weight: bold; color: #f58446;\">Sundirect<\/span> Heizung ist einer der f\u00fchrenden Hersteller von Infrarotheizungen, der qualitativ hochwertige und preisg\u00fcnstige Heizungen anbietet. Alle unsere Paneelheizungen werden nach den h\u00f6chsten Qualit\u00e4tsstandards von CE, GS und ISO hergestellt. Tausende von Menschen nutzen unsere Produkte und sind sehr zufrieden. Um mehr \u00fcber unsere Produkte zu erfahren und sie zu kaufen.   <\/p><\/div><\/div><\/div><div class=\"row \"><div class=\"col-md-12 text-default small-screen-default\"><div class=\"col-text-1 text-normal element-top-20 element-bottom-20\" data-os-animation=\"none\" data-os-animation-delay=\"0s\"><p>Bitte schreiben Sie uns eine Nachricht und wir werden uns in K\u00fcrze mit Ihnen in Verbindung setzen!<\/p><\/div><\/div><\/div>\t\t\t\t\t\t\t\t<\/div>\n\t\t\t\t<div class=\"elementor-element elementor-element-2871ef3a elementor-widget elementor-widget-form\" data-id=\"2871ef3a\" data-element_type=\"widget\" data-e-type=\"widget\" data-widget_type=\"form.default\">\n\t\t\t\t<div class=\"elementor-widget-container\">\n\t\t\t\t\t \t\t\t\t<\/div>\n\t\t\t\t<\/div>\n\t\t\t\t<\/div>\n\t\t\t\t\t<\/div>\n\t\t\t\t<\/div>\n\t\t\t\t<\/div>\n\t\t","protected":false},"excerpt":{"rendered":"<p>Kontaktieren Sie uns Kontaktieren Sie uns Sundirect Technology Ltd. No.3 Xingsun Road, Daicun, Xiaoshan Bezirk, &nbsp;&nbsp;&nbsp;&nbsp; 311261 Hangzhou, China Tel.: +86-571-83861805 Fax: 86-57183861805 E-Mail: info@sundirect-heater.com Sundirect Logistikzentrum Europa Hofbauer GmbH Zimmerterweg 4, 6020 Innsbruck, \u00d6sterreich\/Europa Telefon: +43 664 5433309 Fax: +43 512 546445 Sundirect Heizung ist einer der f\u00fchrenden Hersteller von Infrarotheizungen, der qualitativ hochwertige [&hellip;]<\/p>\n","protected":false},"author":2,"featured_media":0,"parent":0,"menu_order":0,"comment_status":"closed","ping_status":"closed","template":"","meta":{"site-sidebar-layout":"no-sidebar","site-content-layout":"","ast-site-content-layout":"Container in voller Breite","site-content-style":"default","site-sidebar-style":"default","ast-global-header-display":"","ast-banner-title-visibility":"","ast-main-header-display":"","ast-hfb-above-header-display":"","ast-hfb-below-header-display":"","ast-hfb-mobile-header-display":"","site-post-title":"deaktiviert","ast-breadcrumbs-content":"","ast-featured-img":"deaktiviert","footer-sml-layout":"","ast-disable-related-posts":"","theme-transparent-header-meta":"","adv-header-id-meta":"","stick-header-meta":"","header-above-stick-meta":"","header-main-stick-meta":"","header-below-stick-meta":"","astra-migrate-meta-layouts":"default","ast-page-background-enabled":"default","ast-page-background-meta":{"desktop":{"background-color":"var(--ast-global-color-5)","background-image":"","background-repeat":"repeat","background-position":"center center","background-size":"auto","background-attachment":"scroll","background-type":"","background-media":"","overlay-type":"","overlay-color":"","overlay-opacity":"","overlay-gradient":""},"tablet":{"background-color":"","background-image":"","background-repeat":"repeat","background-position":"center center","background-size":"auto","background-attachment":"scroll","background-type":"","background-media":"","overlay-type":"","overlay-color":"","overlay-opacity":"","overlay-gradient":""},"mobile":{"background-color":"","background-image":"","background-repeat":"repeat","background-position":"center center","background-size":"auto","background-attachment":"scroll","background-type":"","background-media":"","overlay-type":"","overlay-color":"","overlay-opacity":"","overlay-gradient":""}},"ast-content-background-meta":{"desktop":{"background-color":"var(--ast-global-color-4)","background-image":"","background-repeat":"repeat","background-position":"center center","background-size":"auto","background-attachment":"scroll","background-type":"","background-media":"","overlay-type":"","overlay-color":"","overlay-opacity":"","overlay-gradient":""},"tablet":{"background-color":"var(--ast-global-color-4)","background-image":"","background-repeat":"repeat","background-position":"center center","background-size":"auto","background-attachment":"scroll","background-type":"","background-media":"","overlay-type":"","overlay-color":"","overlay-opacity":"","overlay-gradient":""},"mobile":{"background-color":"var(--ast-global-color-4)","background-image":"","background-repeat":"repeat","background-position":"center center","background-size":"auto","background-attachment":"scroll","background-type":"","background-media":"","overlay-type":"","overlay-color":"","overlay-opacity":"","overlay-gradient":""}},"footnotes":""},"class_list":["post-8179","page","type-page","status-publish","hentry"],"rttpg_featured_image_url":null,"rttpg_author":{"display_name":"Sundirect","author_link":"https:\/\/www.sundirect-heater.com\/de\/author\/prajwal\/"},"rttpg_comment":0,"rttpg_category":" <a href=\"https:\/\/www.sundirect-heater.com\/de\/?taxonomy=translation_priority&#038;term=optional-de\" rel=\"tag\">Optional<\/a>","rttpg_excerpt":"Kontaktieren Sie uns Kontaktieren Sie uns Sundirect Technology Ltd. No.3 Xingsun Road, Daicun, Xiaoshan Bezirk, &nbsp;&nbsp;&nbsp;&nbsp; 311261 Hangzhou, China Tel.: +86-571-83861805 Fax: 86-57183861805 E-Mail: info@sundirect-heater.com Sundirect Logistikzentrum Europa Hofbauer GmbH Zimmerterweg 4, 6020 Innsbruck, \u00d6sterreich\/Europa Telefon: +43 664 5433309 Fax: +43 512 546445 Sundirect Heizung ist einer der f\u00fchrenden Hersteller von Infrarotheizungen, der qualitativ hochwertige&hellip;","_links":{"self":[{"href":"https:\/\/www.sundirect-heater.com\/de\/wp-json\/wp\/v2\/pages\/8179","targetHints":{"allow":["GET"]}}],"collection":[{"href":"https:\/\/www.sundirect-heater.com\/de\/wp-json\/wp\/v2\/pages"}],"about":[{"href":"https:\/\/www.sundirect-heater.com\/de\/wp-json\/wp\/v2\/types\/page"}],"author":[{"embeddable":true,"href":"https:\/\/www.sundirect-heater.com\/de\/wp-json\/wp\/v2\/users\/2"}],"replies":[{"embeddable":true,"href":"https:\/\/www.sundirect-heater.com\/de\/wp-json\/wp\/v2\/comments?post=8179"}],"version-history":[{"count":1,"href":"https:\/\/www.sundirect-heater.com\/de\/wp-json\/wp\/v2\/pages\/8179\/revisions"}],"predecessor-version":[{"id":8181,"href":"https:\/\/www.sundirect-heater.com\/de\/wp-json\/wp\/v2\/pages\/8179\/revisions\/8181"}],"wp:attachment":[{"href":"https:\/\/www.sundirect-heater.com\/de\/wp-json\/wp\/v2\/media?parent=8179"}],"curies":[{"name":"wp","href":"https:\/\/api.w.org\/{rel}","templated":true}]}}