{"id":8160,"date":"2025-09-12T10:08:59","date_gmt":"2025-09-12T10:08:59","guid":{"rendered":"https:\/\/sundirect-heater.com\/wattage-rechner\/"},"modified":"2025-11-12T08:50:35","modified_gmt":"2025-11-12T08:50:35","slug":"wattage-rechner","status":"publish","type":"page","link":"https:\/\/www.sundirect-heater.com\/de\/wattage-rechner\/","title":{"rendered":"Wattage-Rechner"},"content":{"rendered":"\t\t<div data-elementor-type=\"wp-page\" data-elementor-id=\"8160\" class=\"elementor elementor-8160 elementor-5463\">\n\t\t\t\t<div class=\"elementor-element elementor-element-7613684 e-con-full e-flex e-con e-parent\" data-id=\"7613684\" data-element_type=\"container\" data-e-type=\"container\">\n\t\t\t\t<div class=\"elementor-element elementor-element-d13d582 elementor-widget elementor-widget-slides\" data-id=\"d13d582\" data-element_type=\"widget\" data-e-type=\"widget\" data-widget_type=\"slides.default\">\n\t\t\t\t<div class=\"elementor-widget-container\">\n\t\t\t\t\t \t\t\t\t<\/div>\n\t\t\t\t<\/div>\n\t\t\t\t<\/div>\n\t\t<div class=\"elementor-element elementor-element-bdf0daa e-flex e-con-boxed e-con e-parent\" data-id=\"bdf0daa\" data-element_type=\"container\" data-e-type=\"container\" data-settings=\"{&quot;background_background&quot;:&quot;classic&quot;}\">\n\t\t\t\t\t<div class=\"e-con-inner\">\n\t\t<div class=\"elementor-element elementor-element-2e7a4c9 e-con-full e-flex e-con e-child\" data-id=\"2e7a4c9\" data-element_type=\"container\" data-e-type=\"container\">\n\t\t\t\t<div class=\"elementor-element elementor-element-5a30d6a elementor-widget elementor-widget-text-editor\" data-id=\"5a30d6a\" data-element_type=\"widget\" data-e-type=\"widget\" data-widget_type=\"text-editor.default\">\n\t\t\t\t\t\t\t\t\t<p>Heizungsrechner f\u00fcr Ihr Sundirect Infrarotheizsystem<\/p>\t\t\t\t\t\t\t\t<\/div>\n\t\t\t\t<div class=\"elementor-element elementor-element-49943dd elementor-widget elementor-widget-text-editor\" data-id=\"49943dd\" data-element_type=\"widget\" data-e-type=\"widget\" data-widget_type=\"text-editor.default\">\n\t\t\t\t\t\t\t\t\t<p>Vielen Dank f\u00fcr die Nutzung unseres Sundirect Heizungsberechnungssystems. Bitte beachten Sie unsere nachstehenden Richtlinien, um Ihre Ergebnisse zu optimieren. Jede Berechnung muss raumweise erfolgen. Die ben\u00f6tigte Leistungseinheit ist Watt.   <\/p>\t\t\t\t\t\t\t\t<\/div>\n\t\t\t\t<div class=\"elementor-element elementor-element-81d5546 elementor-widget elementor-widget-shortcode\" data-id=\"81d5546\" data-element_type=\"widget\" data-e-type=\"widget\" data-widget_type=\"shortcode.default\">\n\t\t\t\t\t\t\t<div class=\"elementor-shortcode\"><style>@media (max-width:480px){#cff-iframe-1{min-height:805px;}}@media (max-width:768px){#cff-iframe-1{min-height:628px;}}@media (max-width:1024px){#cff-iframe-1{min-height:480px;}}@media (min-width:1024px){#cff-iframe-1{min-height:425px;}}<\/style><script data-category=\"functional\" type=\"text\/javascript\">window.addEventListener(\"message\", function(e) {\n\t\t\t\t\t\t\tif (\"data\" in e && typeof e.data == \"object\" && ! Array.isArray(e.data) && \"cff_height\" in e.data && \"cff_iframe\" in e.data) {\n\t\t\t\t\t\t\t\ttry{\n\t\t\t\t\t\t\t\t\tlet el = document.getElementById(e.data.cff_iframe);\n\t\t\t\t\t\t\t\t\tel.style.height = e.data.cff_height + \"px\";\n\t\t\t\t\t\t\t\t\tel.style.minHeight=\"auto\";\n\t\t\t\t\t\t\t\t\tif( \"parent\" in window ) parent.postMessage({sentinel: \"amp\",type:\"embed-size\",height: e.data.cff_height+25}, \"*\");\n\t\t\t\t\t\t\t\t} catch(err){}\n\t\t\t\t\t\t\t}\n\t\t\t\t\t\t}, false);\n\t\t\t\t\t\twindow.addEventListener(\"load\", function() {\n\t\t\t\t\t\t\tlet el = document.getElementById(\"cff-iframe-1\");\n\t\t\t\t\t\t\tif(el && el.hasAttribute(\"data-cff-src\")) el.setAttribute(\"src\", el.getAttribute(\"data-cff-src\"));\n\t\t\t\t\t\t});<\/script><iframe  id=\"cff-iframe-1\" title=\"Calculated Fields Form 1\" src=\"\/\/www.sundirect-heater.com\/de\/?cff-form=6&amp;cff_iframe=cff-iframe-1\" style=\"border:none;width:100%;overflow-y:hidden;\" onload=\"try{this.width=this.contentWindow.document.body.scrollWidth;this.height=this.contentWindow.document.body.scrollHeight+40;this.style.minHeight='auto';}catch(err){}\" scrolling=\"no\"><\/iframe><\/div>\n\t\t\t\t\t\t<\/div>\n\t\t\t\t<div class=\"elementor-element elementor-element-a56f36a elementor-widget elementor-widget-text-editor\" data-id=\"a56f36a\" data-element_type=\"widget\" data-e-type=\"widget\" data-widget_type=\"text-editor.default\">\n\t\t\t\t\t\t\t\t\t<div style=\"font-family: 'Poppins', sans-serif; font-weight: 400; font-size: 14px; line-height: 24px; color: #000;\"><p>Nutzen Sie unseren kostenlosen Rechner, um das ideale Infrarotheizpaneel f\u00fcr Ihren Raum zu finden \u2013 f\u00fcr maximalen Komfort und Energieeffizienz.<\/p><h2 style=\"font-size: 21px; color: #f58446; margin-top: 20px;\">Berechnen Sie Ihren Heizbedarf in 3 einfachen Schritten<\/h2><p>\u2714 W\u00e4hlen Sie Ihren Raumtyp<br>\u2714 Geben Sie die Raumabmessungen ein<br>\u2714 Erhalten Sie Ihre <span style=\"color: #f58446;\">empfohlene Wattage<\/span> sofort<\/p><p>Unser Tool berechnet die ben\u00f6tigte Wattage. Anschlie\u00dfend k\u00f6nnen Sie aus unserem Sortiment an Infrarotheizungen w\u00e4hlen, um die erforderliche Wattage zu erreichen. <\/p><h2 style=\"font-size: 21px; color: #f58446; margin-top: 20px;\">Warum einen Infrarotheizungsrechner nutzen?<\/h2><p>\u2714 <span style=\"color: #f58446;\">\u00dcber-\/Unterheizung vermeiden<\/span> \u2013 erhalten Sie pr\u00e4zise, auf Ihren Raum zugeschnittene Empfehlungen<br>\u2714 <span style=\"color: #f58446;\">Geld sparen<\/span> \u2013 sorgen Sie f\u00fcr effizienten Energieverbrauch und niedrigere Betriebskosten<br>\u2714 <span style=\"color: #f58446;\">Schnell und einfach<\/span> \u2013 sofortige Ergebnisse, kein R\u00e4tselraten<\/p><\/div>\t\t\t\t\t\t\t\t<\/div>\n\t\t\t\t<div class=\"elementor-element elementor-element-8989d83 elementor-widget elementor-widget-text-editor\" data-id=\"8989d83\" data-element_type=\"widget\" data-e-type=\"widget\" data-widget_type=\"text-editor.default\">\n\t\t\t\t\t\t\t\t\t<p><strong>Zus\u00e4tzliche Informationen zur Installation von Infrarot-Heizpaneelen:<\/strong><\/p><ol><li>Runden Sie den erforderlichen Leistungsbedarf immer auf; es ist besser, etwas mehr Leistung als zu wenig zu verwenden.<\/li><li>F\u00fcr optimale Energieeinsparungen sollten Sie stets die Verwendung eines Thermostats in Betracht ziehen.<\/li><li>Stellen Sie sicher, dass der zu beheizende Bereich sich in einem Umkreis von ca. 3 m um das Paneel befindet.<br>Bei hohen Decken sollten Sie unsere BC002 Deckenmontagel\u00f6sung in Betracht ziehen, um das Paneel abzuh\u00e4ngen.<\/li><li>Ber\u00fccksichtigen Sie etwa 4 Grad weniger im Vergleich zu Konvektionsheizungen, wenn Sie die gew\u00fcnschte Raum<br>temperatur einstellen; wir empfehlen etwa 18 Grad.<\/li><li>Wenn Sie unser Infrarotheizsystem zum ersten Mal verwenden, nutzen Sie die Heizungen die ersten 3 Tage ohne Thermostat. Dies steigert die Effektivit\u00e4t des Systems drastisch. <\/li><li>Wir empfehlen dringend, Ihre Isolierungs- und Zugluftstandards zu \u00fcberpr\u00fcfen, bevor Sie unser System verwenden, um dessen Effektivit\u00e4t zu optimieren.<\/li><\/ol><p><strong>Haftungsausschluss:<\/strong><br>Alle Informationen und Ratschl\u00e4ge, die unser Berechnungstool bereitstellt, dienen lediglich als allgemeine Richtlinie.<\/p>\t\t\t\t\t\t\t\t<\/div>\n\t\t\t\t<\/div>\n\t\t<div class=\"elementor-element elementor-element-183d1d1 e-con-full e-flex e-con e-child\" data-id=\"183d1d1\" data-element_type=\"container\" data-e-type=\"container\">\n\t\t<div class=\"elementor-element elementor-element-305be15 e-con-full e-flex e-con e-child\" data-id=\"305be15\" data-element_type=\"container\" data-e-type=\"container\">\n\t\t\t\t<div class=\"elementor-element elementor-element-140ed5e elementor-widget elementor-widget-heading\" data-id=\"140ed5e\" data-element_type=\"widget\" data-e-type=\"widget\" data-widget_type=\"heading.default\">\n\t\t\t\t\t<h3 class=\"elementor-heading-title elementor-size-default\">Entdecken Sie unser Produktsortiment<\/h3>\t\t\t\t<\/div>\n\t\t\t\t<div class=\"elementor-element elementor-element-79c9838f elementor-widget elementor-widget-nested-carousel\" data-id=\"79c9838f\" data-element_type=\"widget\" data-e-type=\"widget\" data-widget_type=\"nested-carousel.default\">\n\t\t\t\t<div class=\"elementor-widget-container\">\n\t\t\t\t\t \t\t\t\t<\/div>\n\t\t\t\t<\/div>\n\t\t\t\t<\/div>\n\t\t\t\t<\/div>\n\t\t\t\t\t<\/div>\n\t\t\t\t<\/div>\n\t\t<div class=\"elementor-element elementor-element-479632a0 e-flex e-con-boxed e-con e-parent\" data-id=\"479632a0\" data-element_type=\"container\" data-e-type=\"container\" id=\"xs_cta_style_13\">\n\t\t\t\t\t<div class=\"e-con-inner\">\n\t\t<div class=\"elementor-element elementor-element-165a9fd2 e-con-full e-flex e-con e-child\" data-id=\"165a9fd2\" data-element_type=\"container\" data-e-type=\"container\" data-settings=\"{&quot;background_background&quot;:&quot;gradient&quot;}\">\n\t\t\t\t<div class=\"elementor-element elementor-element-51a300f0 elementor-widget__width-initial elementor-widget-mobile__width-initial elementor-widget elementor-widget-elementskit-heading\" data-id=\"51a300f0\" data-element_type=\"widget\" data-e-type=\"widget\" data-widget_type=\"elementskit-heading.default\">\n\t\t\t\t\t<div class=\"ekit-wid-con\" ><div class=\"ekit-heading elementskit-section-title-wraper text_left   ekit_heading_tablet-   ekit_heading_mobile-text_center\"><h2 class=\"ekit-heading--title elementskit-section-title \">Wie w\u00e4re es mit einer Hot-Yoga-Heizung?<\/h2>\t\t\t\t<div class='ekit-heading__description'>\n\t\t\t\t\t<p>Ben\u00f6tigen Sie Hilfe bei den Heizanforderungen f\u00fcr Ihr Hot-Yoga-Studio?<\/p>\n<p><span>Schauen Sie sich unseren Hot-Yoga-Heizungsrechner an, der speziell entwickelt wurde, um Ihnen bei der Suche nach der passenden L\u00f6sung zu helfen.<\/span><\/p>\n\t\t\t\t<\/div>\n\t\t\t<\/div><\/div>\t\t\t\t<\/div>\n\t\t\t\t<div class=\"elementor-element elementor-element-17d9e60b elementor-align-right elementor-align--mobileleft elementor-widget-tablet__width-inherit elementor-widget-mobile__width-auto elementor-widget__width-initial elementor-widget elementor-widget-elementskit-button\" data-id=\"17d9e60b\" data-element_type=\"widget\" data-e-type=\"widget\" data-widget_type=\"elementskit-button.default\">\n\t\t\t\t\t<div class=\"ekit-wid-con\" >\t\t<div class=\"ekit-btn-wraper\">\n\t\t\t\t\t\t\t<a href=\"https:\/\/www.sundirect-heater.com\/de\/heizrechner-fuer-yoga\/\" class=\"elementskit-btn  whitespace--normal\" id=\"\">\n\t\t\t\t\tHot Yoga Heizungsrechner\t\t\t\t<\/a>\n\t\t\t\t\t<\/div>\n        <\/div>\t\t\t\t<\/div>\n\t\t\t\t<\/div>\n\t\t\t\t\t<\/div>\n\t\t\t\t<\/div>\n\t\t\t\t<\/div>\n\t\t","protected":false},"excerpt":{"rendered":"<p>Sundirect Heizungsrechner Heizungsrechner f\u00fcr Ihr Sundirect Infrarotheizsystem Vielen Dank f\u00fcr die Nutzung unseres Sundirect Heizungsberechnungssystems. Bitte beachten Sie unsere nachstehenden Richtlinien, um Ihre Ergebnisse zu optimieren. Jede Berechnung muss raumweise erfolgen. Die ben\u00f6tigte Leistungseinheit ist Watt. Nutzen Sie unseren kostenlosen Rechner, um das ideale Infrarotheizpaneel f\u00fcr Ihren Raum zu finden \u2013 f\u00fcr maximalen Komfort und [&hellip;]<\/p>\n","protected":false},"author":6,"featured_media":0,"parent":0,"menu_order":0,"comment_status":"closed","ping_status":"closed","template":"","meta":{"site-sidebar-layout":"no-sidebar","site-content-layout":"","ast-site-content-layout":"Container in voller Breite","site-content-style":"default","site-sidebar-style":"default","ast-global-header-display":"","ast-banner-title-visibility":"","ast-main-header-display":"","ast-hfb-above-header-display":"","ast-hfb-below-header-display":"","ast-hfb-mobile-header-display":"","site-post-title":"","ast-breadcrumbs-content":"","ast-featured-img":"deaktiviert","footer-sml-layout":"","ast-disable-related-posts":"","theme-transparent-header-meta":"","adv-header-id-meta":"","stick-header-meta":"","header-above-stick-meta":"","header-main-stick-meta":"","header-below-stick-meta":"","astra-migrate-meta-layouts":"default","ast-page-background-enabled":"default","ast-page-background-meta":{"desktop":{"background-color":"var(--ast-global-color-5)","background-image":"","background-repeat":"repeat","background-position":"center center","background-size":"auto","background-attachment":"scroll","background-type":"","background-media":"","overlay-type":"","overlay-color":"","overlay-opacity":"","overlay-gradient":""},"tablet":{"background-color":"","background-image":"","background-repeat":"repeat","background-position":"center center","background-size":"auto","background-attachment":"scroll","background-type":"","background-media":"","overlay-type":"","overlay-color":"","overlay-opacity":"","overlay-gradient":""},"mobile":{"background-color":"","background-image":"","background-repeat":"repeat","background-position":"center center","background-size":"auto","background-attachment":"scroll","background-type":"","background-media":"","overlay-type":"","overlay-color":"","overlay-opacity":"","overlay-gradient":""}},"ast-content-background-meta":{"desktop":{"background-color":"var(--ast-global-color-4)","background-image":"","background-repeat":"repeat","background-position":"center center","background-size":"auto","background-attachment":"scroll","background-type":"","background-media":"","overlay-type":"","overlay-color":"","overlay-opacity":"","overlay-gradient":""},"tablet":{"background-color":"var(--ast-global-color-4)","background-image":"","background-repeat":"repeat","background-position":"center center","background-size":"auto","background-attachment":"scroll","background-type":"","background-media":"","overlay-type":"","overlay-color":"","overlay-opacity":"","overlay-gradient":""},"mobile":{"background-color":"var(--ast-global-color-4)","background-image":"","background-repeat":"repeat","background-position":"center center","background-size":"auto","background-attachment":"scroll","background-type":"","background-media":"","overlay-type":"","overlay-color":"","overlay-opacity":"","overlay-gradient":""}},"footnotes":""},"class_list":["post-8160","page","type-page","status-publish","hentry"],"rttpg_featured_image_url":null,"rttpg_author":{"display_name":"SH-CG-2526","author_link":"https:\/\/www.sundirect-heater.com\/de\/author\/sh-cg-2526\/"},"rttpg_comment":0,"rttpg_category":" <a href=\"https:\/\/www.sundirect-heater.com\/de\/?taxonomy=translation_priority&#038;term=optional-de\" rel=\"tag\">Optional<\/a>","rttpg_excerpt":"Sundirect Heizungsrechner Heizungsrechner f\u00fcr Ihr Sundirect Infrarotheizsystem Vielen Dank f\u00fcr die Nutzung unseres Sundirect Heizungsberechnungssystems. Bitte beachten Sie unsere nachstehenden Richtlinien, um Ihre Ergebnisse zu optimieren. Jede Berechnung muss raumweise erfolgen. Die ben\u00f6tigte Leistungseinheit ist Watt. Nutzen Sie unseren kostenlosen Rechner, um das ideale Infrarotheizpaneel f\u00fcr Ihren Raum zu finden \u2013 f\u00fcr maximalen Komfort und&hellip;","_links":{"self":[{"href":"https:\/\/www.sundirect-heater.com\/de\/wp-json\/wp\/v2\/pages\/8160","targetHints":{"allow":["GET"]}}],"collection":[{"href":"https:\/\/www.sundirect-heater.com\/de\/wp-json\/wp\/v2\/pages"}],"about":[{"href":"https:\/\/www.sundirect-heater.com\/de\/wp-json\/wp\/v2\/types\/page"}],"author":[{"embeddable":true,"href":"https:\/\/www.sundirect-heater.com\/de\/wp-json\/wp\/v2\/users\/6"}],"replies":[{"embeddable":true,"href":"https:\/\/www.sundirect-heater.com\/de\/wp-json\/wp\/v2\/comments?post=8160"}],"version-history":[{"count":4,"href":"https:\/\/www.sundirect-heater.com\/de\/wp-json\/wp\/v2\/pages\/8160\/revisions"}],"predecessor-version":[{"id":9948,"href":"https:\/\/www.sundirect-heater.com\/de\/wp-json\/wp\/v2\/pages\/8160\/revisions\/9948"}],"wp:attachment":[{"href":"https:\/\/www.sundirect-heater.com\/de\/wp-json\/wp\/v2\/media?parent=8160"}],"curies":[{"name":"wp","href":"https:\/\/api.w.org\/{rel}","templated":true}]}}