{"id":8105,"date":"2025-09-22T07:22:34","date_gmt":"2025-09-22T07:22:34","guid":{"rendered":"https:\/\/sundirect-heater.com\/heizrechner-fuer-yoga\/"},"modified":"2025-11-12T07:19:52","modified_gmt":"2025-11-12T07:19:52","slug":"heizrechner-fuer-yoga","status":"publish","type":"page","link":"https:\/\/www.sundirect-heater.com\/de\/heizrechner-fuer-yoga\/","title":{"rendered":"Heizrechner f\u00fcr Yoga"},"content":{"rendered":"\t\t<div data-elementor-type=\"wp-page\" data-elementor-id=\"8105\" class=\"elementor elementor-8105 elementor-7009\">\n\t\t\t\t<div class=\"elementor-element elementor-element-f2d8bb1 e-con-full e-flex e-con e-parent\" data-id=\"f2d8bb1\" data-element_type=\"container\" data-e-type=\"container\">\n\t\t\t\t<div class=\"elementor-element elementor-element-51c68bc1 elementor-widget elementor-widget-slides\" data-id=\"51c68bc1\" data-element_type=\"widget\" data-e-type=\"widget\" data-widget_type=\"slides.default\">\n\t\t\t\t<div class=\"elementor-widget-container\">\n\t\t\t\t\t \t\t\t\t<\/div>\n\t\t\t\t<\/div>\n\t\t\t\t<\/div>\n\t\t<div class=\"elementor-element elementor-element-60cc57f7 e-flex e-con-boxed e-con e-parent\" data-id=\"60cc57f7\" data-element_type=\"container\" data-e-type=\"container\" data-settings=\"{&quot;background_background&quot;:&quot;classic&quot;}\">\n\t\t\t\t\t<div class=\"e-con-inner\">\n\t\t<div class=\"elementor-element elementor-element-5ac153fb e-con-full e-flex e-con e-child\" data-id=\"5ac153fb\" data-element_type=\"container\" data-e-type=\"container\">\n\t\t\t\t<div class=\"elementor-element elementor-element-21c5b805 elementor-widget elementor-widget-text-editor\" data-id=\"21c5b805\" data-element_type=\"widget\" data-e-type=\"widget\" data-widget_type=\"text-editor.default\">\n\t\t\t\t\t\t\t\t\t<p>Heizrechner f\u00fcr Ihr Yogastudio<\/p>\t\t\t\t\t\t\t\t<\/div>\n\t\t\t\t<div class=\"elementor-element elementor-element-376c141c elementor-widget elementor-widget-text-editor\" data-id=\"376c141c\" data-element_type=\"widget\" data-e-type=\"widget\" data-widget_type=\"text-editor.default\">\n\t\t\t\t\t\t\t\t\t<p>Vielen Dank, dass Sie unser Sundirect Hot Yoga Heizberechnungssystem nutzen. Bitte beachten Sie unsere nachstehenden Richtlinien, um Ihre Ergebnisse zu optimieren.  <\/p>\t\t\t\t\t\t\t\t<\/div>\n\t\t\t\t<div class=\"elementor-element elementor-element-49dd8748 elementor-widget elementor-widget-shortcode\" data-id=\"49dd8748\" data-element_type=\"widget\" data-e-type=\"widget\" data-widget_type=\"shortcode.default\">\n\t\t\t\t\t\t\t<div class=\"elementor-shortcode\"><style>@media (max-width:480px){#cff-iframe-1{min-height:600px;}}@media (max-width:768px){#cff-iframe-1{min-height:539px;}}@media (max-width:1024px){#cff-iframe-1{min-height:350px;}}@media (min-width:1024px){#cff-iframe-1{min-height:338px;}}<\/style><script data-category=\"functional\" type=\"text\/javascript\">window.addEventListener(\"message\", function(e) {\n\t\t\t\t\t\t\tif (\"data\" in e && typeof e.data == \"object\" && ! Array.isArray(e.data) && \"cff_height\" in e.data && \"cff_iframe\" in e.data) {\n\t\t\t\t\t\t\t\ttry{\n\t\t\t\t\t\t\t\t\tlet el = document.getElementById(e.data.cff_iframe);\n\t\t\t\t\t\t\t\t\tel.style.height = e.data.cff_height + \"px\";\n\t\t\t\t\t\t\t\t\tel.style.minHeight=\"auto\";\n\t\t\t\t\t\t\t\t\tif( \"parent\" in window ) parent.postMessage({sentinel: \"amp\",type:\"embed-size\",height: e.data.cff_height+25}, \"*\");\n\t\t\t\t\t\t\t\t} catch(err){}\n\t\t\t\t\t\t\t}\n\t\t\t\t\t\t}, false);\n\t\t\t\t\t\twindow.addEventListener(\"load\", function() {\n\t\t\t\t\t\t\tlet el = document.getElementById(\"cff-iframe-1\");\n\t\t\t\t\t\t\tif(el && el.hasAttribute(\"data-cff-src\")) el.setAttribute(\"src\", el.getAttribute(\"data-cff-src\"));\n\t\t\t\t\t\t});<\/script><iframe  id=\"cff-iframe-1\" title=\"Calculated Fields Form 1\" src=\"\/\/www.sundirect-heater.com\/de\/?cff-form=7&amp;cff_iframe=cff-iframe-1\" style=\"border:none;width:100%;overflow-y:hidden;\" onload=\"try{this.width=this.contentWindow.document.body.scrollWidth;this.height=this.contentWindow.document.body.scrollHeight+40;this.style.minHeight='auto';}catch(err){}\" scrolling=\"no\"><\/iframe><\/div>\n\t\t\t\t\t\t<\/div>\n\t\t\t\t<div class=\"elementor-element elementor-element-62099958 elementor-widget elementor-widget-text-editor\" data-id=\"62099958\" data-element_type=\"widget\" data-e-type=\"widget\" data-widget_type=\"text-editor.default\">\n\t\t\t\t\t\t\t\t\t<p><strong>Zus\u00e4tzliche Informationen:<\/strong><\/p><ol><li>Runden Sie den erforderlichen Leistungsbedarf immer auf; es ist besser, etwas mehr Leistung als zu wenig zu verwenden.<\/li><li>F\u00fcr optimale Energieeinsparungen sollten Sie immer die Verwendung eines Thermostats in Betracht ziehen.<\/li><li>Verteilen Sie die Paneele gleichm\u00e4\u00dfig im gesamten Studio, um eine gleichm\u00e4\u00dfige Raumtemperatur zu erzielen.<\/li><li>Stellen Sie sicher, dass der zu beheizende Bereich sich in einem Umkreis von ca. 3 m um das Paneel befindet.<br>Bei hohen Decken sollten Sie unsere BC002 Deckenmontagel\u00f6sung in Betracht ziehen, um das Paneel abzuh\u00e4ngen.<\/li><\/ol><p><strong>Haftungsausschluss:<\/strong><br>Alle Informationen und Ratschl\u00e4ge, die unser Berechnungstool bereitstellt, dienen lediglich als allgemeine Richtlinie.<\/p>\t\t\t\t\t\t\t\t<\/div>\n\t\t\t\t<div class=\"elementor-element elementor-element-6efa8cb7 elementor-widget elementor-widget-text-editor\" data-id=\"6efa8cb7\" data-element_type=\"widget\" data-e-type=\"widget\" data-widget_type=\"text-editor.default\">\n\t\t\t\t\t\t\t\t\t<div style=\"font-family: 'Poppins', sans-serif; font-weight: 400; font-size: 14px; line-height: 24px; color: #000;\"><h5><span style=\"color: #f58446; font-weight: 600;\">Sie sind sich nicht sicher, wie viel Leistung f\u00fcr Ihr Hot Yoga Studio mit Infrarot-Paneelen ben\u00f6tigt wird?<\/span><\/h5><h5><span style=\"color: #f58446; font-weight: 600;\"> <\/span><br \/>Nutzen Sie unseren kostenlosen Rechner, um das ideale Infrarot-Heizpaneel f\u00fcr Ihr Yogastudio zu finden \u2013 f\u00fcr maximalen Komfort und Energieeffizienz.<\/h5><h6 style=\"font-size: 21px; color: #f58446; margin-top: 20px;\">Berechnen Sie Ihren Heizbedarf in 3 einfachen Schritten<\/h6><p>\u2714 W\u00e4hlen Sie Ihre <strong>gew\u00fcnschte Raumtemperatur<\/strong> und den <strong>Isolierungsgrad<\/strong> Ihres Studios<br \/>\u2714 Messen Sie die <strong>L\u00e4nge \u00d7 Breite \u00d7 H\u00f6he<\/strong> Ihres Studios<br \/>\u2714 Erhalten Sie Ihre <strong>empfohlene<\/strong> <strong>Wattzahl<\/strong> sofort<\/p><p>Unser Tool berechnet die ben\u00f6tigte Leistung f\u00fcr Ihr Hot Yoga Studio.<\/p><h6 style=\"font-size: 21px; color: #f58446; margin-top: 20px;\">Welches Modell ist f\u00fcr Hot Yoga geeignet?<\/h6><p data-start=\"94\" data-end=\"383\">Aufgrund der hohen Umgebungstemperatur im Raum w\u00e4hrend Hot Yoga Sessions sind nicht alle Infrarot-Heizpaneele geeignet. Das <a href=\"https:\/\/www.sundirect-heater.com\/de\/hot-yoga-heizloesungen\/\"><strong data-start=\"218\" data-end=\"239\">Sundirect Hot Yoga Heizpaneel<\/strong><\/a> ist speziell mit einem hochtemperaturbest\u00e4ndigen Heizelement entwickelt, was einen zuverl\u00e4ssigen Betrieb bei erh\u00f6hten Raumtemperaturen erm\u00f6glicht.<\/p><p data-start=\"385\" data-end=\"569\">F\u00fcr <strong data-start=\"389\" data-end=\"401\">230\u2013240V<\/strong> Spannungssysteme k\u00f6nnen Sie zwischen den Modellen IC700-Plus und <a href=\"https:\/\/www.sundirect-heater.com\/de\/rahmenloses-infrarot-heizpaneel-ic-plus-serie\/\"><strong data-start=\"465\" data-end=\"479\">IC900-Plus<\/strong><\/a> w\u00e4hlen.<br data-start=\"487\" data-end=\"490\" \/>F\u00fcr <strong data-start=\"494\" data-end=\"506\" data-is-only-node=\"\">110\u2013120V<\/strong> Spannungssysteme ist nur das Modell <a href=\"https:\/\/www.sundirect-heater.com\/de\/rahmenloses-infrarot-heizpaneel-ic-plus-serie\/\"><strong data-start=\"533\" data-end=\"547\">IC700-Plus<\/strong><\/a> erh\u00e4ltlich.<\/p><p data-start=\"385\" data-end=\"569\">F\u00fcr eine einfache Bedienung bieten wir auch den drahtlosen Thermostat <a href=\"https:\/\/www.sundirect-heater.com\/de\/wlan%e2%80%91faehiger-thermostat-smart2-0-pro\/\"><strong>Smart2.0Pro<\/strong> <\/a>f\u00fcr die Hot Yoga Beheizung an.<\/p><p data-start=\"385\" data-end=\"569\">Wenn Sie detaillierte Spezifikationen oder technische Unterst\u00fctzung ben\u00f6tigen, kontaktieren Sie bitte unser Team unter info@sundirect-heater.com.<\/p><\/div>\t\t\t\t\t\t\t\t<\/div>\n\t\t\t\t<\/div>\n\t\t<div class=\"elementor-element elementor-element-7b7bd145 e-con-full e-flex e-con e-child\" data-id=\"7b7bd145\" data-element_type=\"container\" data-e-type=\"container\">\n\t\t<div class=\"elementor-element elementor-element-23fae019 e-con-full e-flex e-con e-child\" data-id=\"23fae019\" data-element_type=\"container\" data-e-type=\"container\">\n\t\t\t\t<div class=\"elementor-element elementor-element-7aa43516 elementor-widget elementor-widget-nested-carousel\" data-id=\"7aa43516\" data-element_type=\"widget\" data-e-type=\"widget\" data-widget_type=\"nested-carousel.default\">\n\t\t\t\t<div class=\"elementor-widget-container\">\n\t\t\t\t\t \t\t\t\t<\/div>\n\t\t\t\t<\/div>\n\t\t\t\t<\/div>\n\t\t\t\t<\/div>\n\t\t\t\t\t<\/div>\n\t\t\t\t<\/div>\n\t\t<div class=\"elementor-element elementor-element-76a7fdc3 e-flex e-con-boxed e-con e-parent\" data-id=\"76a7fdc3\" data-element_type=\"container\" data-e-type=\"container\" id=\"xs_cta_style_13\">\n\t\t\t\t\t<div class=\"e-con-inner\">\n\t\t<div class=\"elementor-element elementor-element-1e0c5a05 e-con-full e-flex e-con e-child\" data-id=\"1e0c5a05\" data-element_type=\"container\" data-e-type=\"container\" data-settings=\"{&quot;background_background&quot;:&quot;gradient&quot;}\">\n\t\t\t\t<div class=\"elementor-element elementor-element-4b6e8695 elementor-widget__width-initial elementor-widget-mobile__width-initial elementor-widget elementor-widget-elementskit-heading\" data-id=\"4b6e8695\" data-element_type=\"widget\" data-e-type=\"widget\" data-widget_type=\"elementskit-heading.default\">\n\t\t\t\t\t<div class=\"ekit-wid-con\" ><div class=\"ekit-heading elementskit-section-title-wraper text_left   ekit_heading_tablet-   ekit_heading_mobile-text_center\"><h2 class=\"ekit-heading--title elementskit-section-title \">Ben\u00f6tigen Sie Expertenrat?<\/h2>\t\t\t\t<div class='ekit-heading__description'>\n\t\t\t\t\t<p>Ben\u00f6tigen Sie Hilfe bei Spezialr\u00e4umen?<br \/>F\u00fcr schwerer zu beheizende Bereiche wie Winterg\u00e4rten, Gartenzimmer oder R\u00e4ume, die h\u00f6here Temperaturen erfordern, empfehlen wir Ihnen, direkt mit unserem Expertenteam zu sprechen.<\/p>\n\t\t\t\t<\/div>\n\t\t\t<\/div><\/div>\t\t\t\t<\/div>\n\t\t\t\t<div class=\"elementor-element elementor-element-15afef0d elementor-align-right elementor-align--mobileleft elementor-widget-tablet__width-inherit elementor-widget-mobile__width-auto elementor-widget elementor-widget-elementskit-button\" data-id=\"15afef0d\" data-element_type=\"widget\" data-e-type=\"widget\" data-widget_type=\"elementskit-button.default\">\n\t\t\t\t\t<div class=\"ekit-wid-con\" >\t\t<div class=\"ekit-btn-wraper\">\n\t\t\t\t\t\t\t<a href=\"https:\/\/www.sundirect-heater.com\/de\/kontaktieren-sie-uns\/\" class=\"elementskit-btn  whitespace--normal\" id=\"\">\n\t\t\t\t\tKontaktieren Sie uns\t\t\t\t<\/a>\n\t\t\t\t\t<\/div>\n        <\/div>\t\t\t\t<\/div>\n\t\t\t\t<\/div>\n\t\t\t\t\t<\/div>\n\t\t\t\t<\/div>\n\t\t\t\t<\/div>\n\t\t","protected":false},"excerpt":{"rendered":"<p>Heizrechner f\u00fcr Yoga Heizrechner f\u00fcr Ihr Yogastudio Vielen Dank, dass Sie unser Sundirect Hot Yoga Heizberechnungssystem nutzen. Bitte beachten Sie unsere nachstehenden Richtlinien, um Ihre Ergebnisse zu optimieren. Zus\u00e4tzliche Informationen: Runden Sie den erforderlichen Leistungsbedarf immer auf; es ist besser, etwas mehr Leistung als zu wenig zu verwenden. F\u00fcr optimale Energieeinsparungen sollten Sie immer die [&hellip;]<\/p>\n","protected":false},"author":6,"featured_media":0,"parent":0,"menu_order":0,"comment_status":"closed","ping_status":"closed","template":"","meta":{"site-sidebar-layout":"no-sidebar","site-content-layout":"","ast-site-content-layout":"Container in voller Breite","site-content-style":"default","site-sidebar-style":"default","ast-global-header-display":"","ast-banner-title-visibility":"","ast-main-header-display":"","ast-hfb-above-header-display":"","ast-hfb-below-header-display":"","ast-hfb-mobile-header-display":"","site-post-title":"","ast-breadcrumbs-content":"","ast-featured-img":"deaktiviert","footer-sml-layout":"","ast-disable-related-posts":"","theme-transparent-header-meta":"","adv-header-id-meta":"","stick-header-meta":"","header-above-stick-meta":"","header-main-stick-meta":"","header-below-stick-meta":"","astra-migrate-meta-layouts":"default","ast-page-background-enabled":"default","ast-page-background-meta":{"desktop":{"background-color":"var(--ast-global-color-5)","background-image":"","background-repeat":"repeat","background-position":"center center","background-size":"auto","background-attachment":"scroll","background-type":"","background-media":"","overlay-type":"","overlay-color":"","overlay-opacity":"","overlay-gradient":""},"tablet":{"background-color":"","background-image":"","background-repeat":"repeat","background-position":"center center","background-size":"auto","background-attachment":"scroll","background-type":"","background-media":"","overlay-type":"","overlay-color":"","overlay-opacity":"","overlay-gradient":""},"mobile":{"background-color":"","background-image":"","background-repeat":"repeat","background-position":"center center","background-size":"auto","background-attachment":"scroll","background-type":"","background-media":"","overlay-type":"","overlay-color":"","overlay-opacity":"","overlay-gradient":""}},"ast-content-background-meta":{"desktop":{"background-color":"var(--ast-global-color-4)","background-image":"","background-repeat":"repeat","background-position":"center center","background-size":"auto","background-attachment":"scroll","background-type":"","background-media":"","overlay-type":"","overlay-color":"","overlay-opacity":"","overlay-gradient":""},"tablet":{"background-color":"var(--ast-global-color-4)","background-image":"","background-repeat":"repeat","background-position":"center center","background-size":"auto","background-attachment":"scroll","background-type":"","background-media":"","overlay-type":"","overlay-color":"","overlay-opacity":"","overlay-gradient":""},"mobile":{"background-color":"var(--ast-global-color-4)","background-image":"","background-repeat":"repeat","background-position":"center center","background-size":"auto","background-attachment":"scroll","background-type":"","background-media":"","overlay-type":"","overlay-color":"","overlay-opacity":"","overlay-gradient":""}},"footnotes":""},"class_list":["post-8105","page","type-page","status-publish","hentry"],"rttpg_featured_image_url":null,"rttpg_author":{"display_name":"SH-CG-2526","author_link":"https:\/\/www.sundirect-heater.com\/de\/author\/sh-cg-2526\/"},"rttpg_comment":0,"rttpg_category":" <a href=\"https:\/\/www.sundirect-heater.com\/de\/?taxonomy=translation_priority&#038;term=optional-de\" rel=\"tag\">Optional<\/a>","rttpg_excerpt":"Heizrechner f\u00fcr Yoga Heizrechner f\u00fcr Ihr Yogastudio Vielen Dank, dass Sie unser Sundirect Hot Yoga Heizberechnungssystem nutzen. Bitte beachten Sie unsere nachstehenden Richtlinien, um Ihre Ergebnisse zu optimieren. Zus\u00e4tzliche Informationen: Runden Sie den erforderlichen Leistungsbedarf immer auf; es ist besser, etwas mehr Leistung als zu wenig zu verwenden. F\u00fcr optimale Energieeinsparungen sollten Sie immer die&hellip;","_links":{"self":[{"href":"https:\/\/www.sundirect-heater.com\/de\/wp-json\/wp\/v2\/pages\/8105","targetHints":{"allow":["GET"]}}],"collection":[{"href":"https:\/\/www.sundirect-heater.com\/de\/wp-json\/wp\/v2\/pages"}],"about":[{"href":"https:\/\/www.sundirect-heater.com\/de\/wp-json\/wp\/v2\/types\/page"}],"author":[{"embeddable":true,"href":"https:\/\/www.sundirect-heater.com\/de\/wp-json\/wp\/v2\/users\/6"}],"replies":[{"embeddable":true,"href":"https:\/\/www.sundirect-heater.com\/de\/wp-json\/wp\/v2\/comments?post=8105"}],"version-history":[{"count":5,"href":"https:\/\/www.sundirect-heater.com\/de\/wp-json\/wp\/v2\/pages\/8105\/revisions"}],"predecessor-version":[{"id":9911,"href":"https:\/\/www.sundirect-heater.com\/de\/wp-json\/wp\/v2\/pages\/8105\/revisions\/9911"}],"wp:attachment":[{"href":"https:\/\/www.sundirect-heater.com\/de\/wp-json\/wp\/v2\/media?parent=8105"}],"curies":[{"name":"wp","href":"https:\/\/api.w.org\/{rel}","templated":true}]}}